{"id":522,"date":"2019-09-04T12:17:23","date_gmt":"2019-09-04T16:17:23","guid":{"rendered":"http:\/\/dios.wenodev.com\/?page_id=522"},"modified":"2026-01-26T09:36:20","modified_gmt":"2026-01-26T14:36:20","slug":"dirigeants-et-conseil-dadministration","status":"publish","type":"page","link":"https:\/\/www.diosexplo.com\/fr\/a-notre-sujet\/dirigeants-et-conseil-dadministration\/","title":{"rendered":"Dirigeants et conseil d\u2019administration"},"content":{"rendered":"<div class=\"wpb-content-wrapper\">[mk_page_section bg_image=\u00a0\u00bbhttps:\/\/www.diosexplo.com\/wp-content\/uploads\/2019\/11\/diamant_darkhd_compressed.jpg\u00a0\u00bb bg_position=\u00a0\u00bbcenter center\u00a0\u00bb bg_repeat=\u00a0\u00bbno-repeat\u00a0\u00bb bg_stretch=\u00a0\u00bbtrue\u00a0\u00bb speed_factor=\u00a0\u00bb0.6&Prime; video_opacity=\u00a0\u00bb0.8&Prime; min_height=\u00a0\u00bb325&Prime; full_width=\u00a0\u00bbtrue\u00a0\u00bb padding_top=\u00a0\u00bb110&Prime; padding_bottom=\u00a0\u00bb90&Prime; sidebar=\u00a0\u00bbsidebar-1&Prime;][vc_column][mk_fancy_title color=\u00a0\u00bb#ffffff\u00a0\u00bb size=\u00a0\u00bb100&Prime; force_font_size=\u00a0\u00bbtrue\u00a0\u00bb font_weight=\u00a0\u00bb100&Prime; txt_transform=\u00a0\u00bbuppercase\u00a0\u00bb font_family=\u00a0\u00bbnone\u00a0\u00bb align=\u00a0\u00bbcenter\u00a0\u00bb]Dirigeants et conseil d\u2019administration[\/mk_fancy_title][\/vc_column][\/mk_page_section][vc_row][vc_column][mk_padding_divider size=\u00a0\u00bb80&Prime;][\/vc_column][\/vc_row][vc_row][vc_column][vc_column_text css=\u00a0\u00bb.vc_custom_1569213322507{margin-bottom: 0px !important;}\u00a0\u00bb]\n<h3>Marie-Jos\u00e9 Girard, M.Sc., G\u00e9ologue<br \/>\n<strong>Pr\u00e9sidente et Chef de la direction<\/strong><\/h3>\n<p>Marie-Jos\u00e9 Girard poss\u00e8de 35 ans d&rsquo;exp\u00e9rience comme g\u00e9ologue d&rsquo;exploration min\u00e9rale, particuli\u00e8rement en milieu glaciaire.<\/p>\n<p>Elle a travaill\u00e9 pendant plusieurs ann\u00e9es en recherche min\u00e9rale en Abitibi, dans le bassin s\u00e9dimentaire d&rsquo;Otish, dans la fosse du Labrador au Quebec et dans la r\u00e9gion de Mont-Laurier.<\/p>\n<p>De 1977 \u00e0 1988, elle a \u00e9t\u00e9 responsable de projets d&rsquo;exploration pour SOQUEM, Mina Azufrec en \u00c9quateur, Falconbridge Copper et LOUVEM (d\u00e9couverte du g\u00eete d&rsquo;or Monique pr\u00e8s de Val d&rsquo;Or en 1985).<\/p>\n<p>De 1988 \u00e0 1993, elle \u00e9valuait des projets miniers au sein de la Commission des valeurs mobili\u00e8res du Qu\u00e9bec.<\/p>\n<p>L&rsquo;\u00e9quipe de madame Girard a re\u00e7u le titre de Prospecteur de l&rsquo;ann\u00e9e en 2001 pour ses d\u00e9couvertes d&rsquo;or (Aquilon) et de molybd\u00e8ne(Tilly) \u00e0 la Baie James.<\/p>\n<p>G\u00e9ologue-conseil depuis 1993, elle a repr\u00e9sent\u00e9 le Qu\u00e9bec au sein du \u00ab Mining and Technical Advisory Committee \u00bb des autorit\u00e9s canadiennes en valeurs mobili\u00e8res de 2001 \u00e0 2005.<br \/>\nElle si\u00e8ge au conseil d&rsquo;administration du Centre canadien de valorisation du diamant.<\/p>\n<p>La direction de De Beers Exploration Canada Inc. a dit publiquement par voie de communiqu\u00e9 de presse en juin 2005:[\/vc_column_text][mk_blockquote font_family=\u00a0\u00bbnone\u00a0\u00bb force_font_size=\u00a0\u00bbtrue\u00a0\u00bb]Nous sommes satisfaits de l&rsquo;effort et de la qualit\u00e9 du travail que l&rsquo;\u00e9quipe technique de Dios a investi dans le projet 33 Carats et souhaitons avoir l`occasion de travailler encore ensemble[\/mk_blockquote][\/vc_column][\/vc_row][vc_row][vc_column][mk_divider style=\u00a0\u00bbthick_solid\u00a0\u00bb][\/vc_column][\/vc_row][vc_row][vc_column][mk_divider style=\u00a0\u00bbthick_solid\u00a0\u00bb][\/vc_column][\/vc_row][vc_row][vc_column][vc_column_text css=\u00a0\u00bb.vc_custom_1569213909314{margin-bottom: 0px !important;}\u00a0\u00bb]\n<h3>Normand Payette<br \/>\n<strong>Administrateur<\/strong><\/h3>\n<p>Normand Payette est consultant en marketing et occupait depuis 1987 le poste de directeur commercial chez Martin International Communication U.P. Inc.<\/p>\n<p>De 1970 \u00e0 1987, il a dirig\u00e9 des \u00e9quipes de vente pour plusieurs entreprises du secteur priv\u00e9, en particulier dans le secteur de la distribution des produits en aluminium.<\/p>\n<p>De 1960 \u00e0 1972, il a \u00e9t\u00e9 repr\u00e9sentant dans le domaine des services financiers.[\/vc_column_text][\/vc_column][\/vc_row][vc_row][vc_column][mk_divider style=\u00a0\u00bbthick_solid\u00a0\u00bb][\/vc_column][\/vc_row][vc_row][vc_column][vc_column_text css=\u00a0\u00bb.vc_custom_1569213918891{margin-bottom: 0px !important;}\u00a0\u00bb]\n<h3><strong>Jean-David Moore, M.Sc. ing\u00e9nieur forestier<\/strong><\/h3>\n<h3><strong>Administrateur et aviseur<\/strong><\/h3>\n<div>M. Moore s&rsquo;implique\u00a0dans le domaine minier depuis multes ann\u00e9es. Il est administrateur de\u00a0soci\u00e9t\u00e9s mini\u00e8res: Bullion Gold Resources Corp., PTX Metals inc., Fokus\u00a0Mining Corp. M. Moore est un investisseur aguerri du\u00a0domaine minier d\u00e9tenant d&rsquo;importantes participations dans plus de 50 petites soci\u00e9t\u00e9s mini\u00e8res. M. Moore faisait \u00e9galement partie de l\u2019\u00e9quipe de Ressources Vanstar Inc. au moment de l\u2019acquisition par IAMGOLD.<\/div>\n<h3>Aline Leclerc<br \/>\n<strong>Conseill\u00e8re technique<\/strong><\/h3>\n<p>Aline Leclerc est g\u00e9ologue depuis 1974. Elle d\u00e9tient un baccalaur\u00e9at en Sciences de la Terre de l\u2019Universit\u00e9 du Qu\u00e9bec \u00e0 Montr\u00e9al. Elle fournit des services de consultation en exploration mini\u00e8re et en gestion de projets d\u2019exploration mini\u00e8re depuis 1995.<\/p>\n<p>De 1974 \u00e0 1995, elle a \u0153uvr\u00e9 au sein de diff\u00e9rentes soci\u00e9t\u00e9s et organismes gouvernementaux dans le cadre de projets d\u2019exploration.<\/p>\n<p>Elle a si\u00e9g\u00e9 au conseil d\u2019administration de Soquem de 1996 \u00e0 2000.<\/p>\n<h3>Roger Gu\u00e9vremont<br \/>\n<strong>Administrateur<\/strong><\/h3>\n<p>Roger Gu\u00e9vremont est consultant pour diff\u00e9rents services Internet depuis 2002, sp\u00e9cialis\u00e9 principalement en marketing Internet. Il a \u00e9t\u00e9 administrateur pour le Parc d&rsquo;Affaires La Rolland et pour l&rsquo;\u00c9cole H\u00f4teli\u00e8res des Laurentides.<\/p>\n<h3>Luc Gervais<br \/>\n<strong>Administrateur<\/strong><\/h3>\n<p>M. Gervais compte plus de 40 ans d\u2019exp\u00e9rience en ing\u00e9nierie, construction et maintenance dans les secteurs minier et m\u00e9tallurgique. Il a occup\u00e9 divers postes de direction aupr\u00e8s de producteurs m\u00e9tallurgiques, d\u2019entrepreneurs et de firmes de g\u00e9nie-conseil. Administrateur de Bullion Gold Resources, Fokus Mining Corp. et Mosaic Minerals Corp., il \u00e9tait administrateur de Vanstar Mining Resources lors de l&rsquo;acquisition par IAMGOLD.<\/p>\n<p>&nbsp;<\/p>\n[\/vc_column_text][\/vc_column][\/vc_row][vc_row css=\u00a0\u00bb.vc_custom_1571521606640{margin-top: 20px !important;background-color: #4169b2 !important;}\u00a0\u00bb][vc_column][vc_column_inner css=\u00a0\u00bb.vc_custom_1571521379353{background-color: #4169b2 !important;}\u00a0\u00bb][mk_fancy_title tag_name=\u00a0\u00bbspan\u00a0\u00bb color=\u00a0\u00bb#ffffff\u00a0\u00bb size=\u00a0\u00bb28&Prime; font_family=\u00a0\u00bbnone\u00a0\u00bb el_class=\u00a0\u00bbbanner_contact\u00a0\u00bb]\n<p style=\"text-align: center;\"><strong>Vous avez des\u00a0\u00a0questions?<\/strong> Contactez-nous!\u00a0 \u00a0 <a href=\"http:\/\/t\u00e9l:5149239123\"><strong>514 923-9123<\/strong><\/a><\/p>\n[\/mk_fancy_title][\/vc_column_inner][\/vc_column][\/vc_row][mk_page_section bg_image=\u00a0\u00bbhttps:\/\/www.diosexplo.com\/wp-content\/uploads\/2019\/09\/imageforet_footer-2.png\u00a0\u00bb bg_stretch=\u00a0\u00bbtrue\u00a0\u00bb sidebar=\u00a0\u00bbsidebar-1&Prime;][vc_column][mk_padding_divider size=\u00a0\u00bb500&Prime;][\/vc_column][\/mk_page_section]\n<\/div>","protected":false},"excerpt":{"rendered":"<p>[mk_page_section bg_image=\u00a0\u00bbhttps:\/\/www.diosexplo.com\/wp-content\/uploads\/2019\/11\/diamant_darkhd_compressed.jpg\u00a0\u00bb bg_position=\u00a0\u00bbcenter center\u00a0\u00bb bg_repeat=\u00a0\u00bbno-repeat\u00a0\u00bb bg_stretch=\u00a0\u00bbtrue\u00a0\u00bb speed_factor=\u00a0\u00bb0.6&Prime; video_opacity=\u00a0\u00bb0.8&Prime; min_height=\u00a0\u00bb325&Prime; full_width=\u00a0\u00bbtrue\u00a0\u00bb padding_top=\u00a0\u00bb110&Prime; padding_bottom=\u00a0\u00bb90&Prime; sidebar=\u00a0\u00bbsidebar-1&Prime;][vc_column][mk_fancy_title color=\u00a0\u00bb#ffffff\u00a0\u00bb size=\u00a0\u00bb100&Prime; force_font_size=\u00a0\u00bbtrue\u00a0\u00bb font_weight=\u00a0\u00bb100&Prime; txt_transform=\u00a0\u00bbuppercase\u00a0\u00bb font_family=\u00a0\u00bbnone\u00a0\u00bb align=\u00a0\u00bbcenter\u00a0\u00bb]Dirigeants et conseil d\u2019administration[\/mk_fancy_title][\/vc_column][\/mk_page_section][vc_row][vc_column][mk_padding_divider size=\u00a0\u00bb80&Prime;][\/vc_column][\/vc_row][vc_row][vc_column][vc_column_text css=\u00a0\u00bb.vc_custom_1569213322507{margin-bottom: 0px !important;}\u00a0\u00bb] Marie-Jos\u00e9 Girard, M.Sc., G\u00e9ologue Pr\u00e9sidente et Chef de la direction Marie-Jos\u00e9 Girard poss\u00e8de 35 ans d&rsquo;exp\u00e9rience comme g\u00e9ologue d&rsquo;exploration min\u00e9rale, particuli\u00e8rement en milieu glaciaire. Elle a travaill\u00e9 pendant [&hellip;]<\/p>\n","protected":false},"author":10,"featured_media":0,"parent":505,"menu_order":0,"comment_status":"closed","ping_status":"closed","template":"","meta":{"footnotes":""},"class_list":["post-522","page","type-page","status-publish","hentry"],"yoast_head":"<!-- This site is optimized with the Yoast SEO plugin v26.7 - https:\/\/yoast.com\/wordpress\/plugins\/seo\/ -->\n<title>Dirigeants et conseil d\u2019administration - Dios Exploration<\/title>\n<meta name=\"robots\" content=\"index, follow, max-snippet:-1, max-image-preview:large, max-video-preview:-1\" \/>\n<link rel=\"canonical\" href=\"https:\/\/www.diosexplo.com\/fr\/a-notre-sujet\/dirigeants-et-conseil-dadministration\/\" \/>\n<meta property=\"og:locale\" content=\"fr_FR\" \/>\n<meta property=\"og:type\" content=\"article\" \/>\n<meta property=\"og:title\" content=\"Dirigeants et conseil d\u2019administration - Dios Exploration\" \/>\n<meta property=\"og:description\" content=\"[mk_page_section bg_image=\u00a0\u00bbhttps:\/\/www.diosexplo.com\/wp-content\/uploads\/2019\/11\/diamant_darkhd_compressed.jpg\u00a0\u00bb bg_position=\u00a0\u00bbcenter center\u00a0\u00bb bg_repeat=\u00a0\u00bbno-repeat\u00a0\u00bb bg_stretch=\u00a0\u00bbtrue\u00a0\u00bb speed_factor=\u00a0\u00bb0.6&Prime; video_opacity=\u00a0\u00bb0.8&Prime; min_height=\u00a0\u00bb325&Prime; full_width=\u00a0\u00bbtrue\u00a0\u00bb padding_top=\u00a0\u00bb110&Prime; padding_bottom=\u00a0\u00bb90&Prime; sidebar=\u00a0\u00bbsidebar-1&Prime;][vc_column][mk_fancy_title color=\u00a0\u00bb#ffffff\u00a0\u00bb size=\u00a0\u00bb100&Prime; force_font_size=\u00a0\u00bbtrue\u00a0\u00bb font_weight=\u00a0\u00bb100&Prime; txt_transform=\u00a0\u00bbuppercase\u00a0\u00bb font_family=\u00a0\u00bbnone\u00a0\u00bb align=\u00a0\u00bbcenter\u00a0\u00bb]Dirigeants et conseil d\u2019administration[\/mk_fancy_title][\/vc_column][\/mk_page_section][vc_row][vc_column][mk_padding_divider size=\u00a0\u00bb80&Prime;][\/vc_column][\/vc_row][vc_row][vc_column][vc_column_text css=\u00a0\u00bb.vc_custom_1569213322507{margin-bottom: 0px !important;}\u00a0\u00bb] Marie-Jos\u00e9 Girard, M.Sc., G\u00e9ologue Pr\u00e9sidente et Chef de la direction Marie-Jos\u00e9 Girard poss\u00e8de 35 ans d&rsquo;exp\u00e9rience comme g\u00e9ologue d&rsquo;exploration min\u00e9rale, particuli\u00e8rement en milieu glaciaire. Elle a travaill\u00e9 pendant [&hellip;]\" \/>\n<meta property=\"og:url\" content=\"https:\/\/www.diosexplo.com\/fr\/a-notre-sujet\/dirigeants-et-conseil-dadministration\/\" \/>\n<meta property=\"og:site_name\" content=\"Dios Exploration\" \/>\n<meta property=\"article:modified_time\" content=\"2026-01-26T14:36:20+00:00\" \/>\n<meta name=\"twitter:card\" content=\"summary_large_image\" \/>\n<meta name=\"twitter:label1\" content=\"Dur\u00e9e de lecture estim\u00e9e\" \/>\n\t<meta name=\"twitter:data1\" content=\"4 minutes\" \/>\n<script type=\"application\/ld+json\" class=\"yoast-schema-graph\">{\"@context\":\"https:\/\/schema.org\",\"@graph\":[{\"@type\":\"WebPage\",\"@id\":\"https:\/\/www.diosexplo.com\/fr\/a-notre-sujet\/dirigeants-et-conseil-dadministration\/\",\"url\":\"https:\/\/www.diosexplo.com\/fr\/a-notre-sujet\/dirigeants-et-conseil-dadministration\/\",\"name\":\"Dirigeants et conseil d\u2019administration - Dios Exploration\",\"isPartOf\":{\"@id\":\"https:\/\/www.diosexplo.com\/fr\/#website\"},\"datePublished\":\"2019-09-04T16:17:23+00:00\",\"dateModified\":\"2026-01-26T14:36:20+00:00\",\"breadcrumb\":{\"@id\":\"https:\/\/www.diosexplo.com\/fr\/a-notre-sujet\/dirigeants-et-conseil-dadministration\/#breadcrumb\"},\"inLanguage\":\"fr-FR\",\"potentialAction\":[{\"@type\":\"ReadAction\",\"target\":[\"https:\/\/www.diosexplo.com\/fr\/a-notre-sujet\/dirigeants-et-conseil-dadministration\/\"]}]},{\"@type\":\"BreadcrumbList\",\"@id\":\"https:\/\/www.diosexplo.com\/fr\/a-notre-sujet\/dirigeants-et-conseil-dadministration\/#breadcrumb\",\"itemListElement\":[{\"@type\":\"ListItem\",\"position\":1,\"name\":\"Accueil\",\"item\":\"https:\/\/www.diosexplo.com\/fr\/\"},{\"@type\":\"ListItem\",\"position\":2,\"name\":\"\u00c0 notre sujet\",\"item\":\"https:\/\/www.diosexplo.com\/fr\/a-notre-sujet\/\"},{\"@type\":\"ListItem\",\"position\":3,\"name\":\"Dirigeants et conseil d\u2019administration\"}]},{\"@type\":\"WebSite\",\"@id\":\"https:\/\/www.diosexplo.com\/fr\/#website\",\"url\":\"https:\/\/www.diosexplo.com\/fr\/\",\"name\":\"Dios Exploration\",\"description\":\"\",\"publisher\":{\"@id\":\"https:\/\/www.diosexplo.com\/fr\/#organization\"},\"potentialAction\":[{\"@type\":\"SearchAction\",\"target\":{\"@type\":\"EntryPoint\",\"urlTemplate\":\"https:\/\/www.diosexplo.com\/fr\/?s={search_term_string}\"},\"query-input\":{\"@type\":\"PropertyValueSpecification\",\"valueRequired\":true,\"valueName\":\"search_term_string\"}}],\"inLanguage\":\"fr-FR\"},{\"@type\":\"Organization\",\"@id\":\"https:\/\/www.diosexplo.com\/fr\/#organization\",\"name\":\"Dios Exploration\",\"url\":\"https:\/\/www.diosexplo.com\/fr\/\",\"logo\":{\"@type\":\"ImageObject\",\"inLanguage\":\"fr-FR\",\"@id\":\"https:\/\/www.diosexplo.com\/fr\/#\/schema\/logo\/image\/\",\"url\":\"https:\/\/www.diosexplo.com\/wp-content\/uploads\/2020\/02\/dios-exploration.jpg\",\"contentUrl\":\"https:\/\/www.diosexplo.com\/wp-content\/uploads\/2020\/02\/dios-exploration.jpg\",\"width\":300,\"height\":187,\"caption\":\"Dios Exploration\"},\"image\":{\"@id\":\"https:\/\/www.diosexplo.com\/fr\/#\/schema\/logo\/image\/\"}}]}<\/script>\n<!-- \/ Yoast SEO plugin. -->","yoast_head_json":{"title":"Dirigeants et conseil d\u2019administration - Dios Exploration","robots":{"index":"index","follow":"follow","max-snippet":"max-snippet:-1","max-image-preview":"max-image-preview:large","max-video-preview":"max-video-preview:-1"},"canonical":"https:\/\/www.diosexplo.com\/fr\/a-notre-sujet\/dirigeants-et-conseil-dadministration\/","og_locale":"fr_FR","og_type":"article","og_title":"Dirigeants et conseil d\u2019administration - Dios Exploration","og_description":"[mk_page_section bg_image=\u00a0\u00bbhttps:\/\/www.diosexplo.com\/wp-content\/uploads\/2019\/11\/diamant_darkhd_compressed.jpg\u00a0\u00bb bg_position=\u00a0\u00bbcenter center\u00a0\u00bb bg_repeat=\u00a0\u00bbno-repeat\u00a0\u00bb bg_stretch=\u00a0\u00bbtrue\u00a0\u00bb speed_factor=\u00a0\u00bb0.6&Prime; video_opacity=\u00a0\u00bb0.8&Prime; min_height=\u00a0\u00bb325&Prime; full_width=\u00a0\u00bbtrue\u00a0\u00bb padding_top=\u00a0\u00bb110&Prime; padding_bottom=\u00a0\u00bb90&Prime; sidebar=\u00a0\u00bbsidebar-1&Prime;][vc_column][mk_fancy_title color=\u00a0\u00bb#ffffff\u00a0\u00bb size=\u00a0\u00bb100&Prime; force_font_size=\u00a0\u00bbtrue\u00a0\u00bb font_weight=\u00a0\u00bb100&Prime; txt_transform=\u00a0\u00bbuppercase\u00a0\u00bb font_family=\u00a0\u00bbnone\u00a0\u00bb align=\u00a0\u00bbcenter\u00a0\u00bb]Dirigeants et conseil d\u2019administration[\/mk_fancy_title][\/vc_column][\/mk_page_section][vc_row][vc_column][mk_padding_divider size=\u00a0\u00bb80&Prime;][\/vc_column][\/vc_row][vc_row][vc_column][vc_column_text css=\u00a0\u00bb.vc_custom_1569213322507{margin-bottom: 0px !important;}\u00a0\u00bb] Marie-Jos\u00e9 Girard, M.Sc., G\u00e9ologue Pr\u00e9sidente et Chef de la direction Marie-Jos\u00e9 Girard poss\u00e8de 35 ans d&rsquo;exp\u00e9rience comme g\u00e9ologue d&rsquo;exploration min\u00e9rale, particuli\u00e8rement en milieu glaciaire. Elle a travaill\u00e9 pendant [&hellip;]","og_url":"https:\/\/www.diosexplo.com\/fr\/a-notre-sujet\/dirigeants-et-conseil-dadministration\/","og_site_name":"Dios Exploration","article_modified_time":"2026-01-26T14:36:20+00:00","twitter_card":"summary_large_image","twitter_misc":{"Dur\u00e9e de lecture estim\u00e9e":"4 minutes"},"schema":{"@context":"https:\/\/schema.org","@graph":[{"@type":"WebPage","@id":"https:\/\/www.diosexplo.com\/fr\/a-notre-sujet\/dirigeants-et-conseil-dadministration\/","url":"https:\/\/www.diosexplo.com\/fr\/a-notre-sujet\/dirigeants-et-conseil-dadministration\/","name":"Dirigeants et conseil d\u2019administration - Dios Exploration","isPartOf":{"@id":"https:\/\/www.diosexplo.com\/fr\/#website"},"datePublished":"2019-09-04T16:17:23+00:00","dateModified":"2026-01-26T14:36:20+00:00","breadcrumb":{"@id":"https:\/\/www.diosexplo.com\/fr\/a-notre-sujet\/dirigeants-et-conseil-dadministration\/#breadcrumb"},"inLanguage":"fr-FR","potentialAction":[{"@type":"ReadAction","target":["https:\/\/www.diosexplo.com\/fr\/a-notre-sujet\/dirigeants-et-conseil-dadministration\/"]}]},{"@type":"BreadcrumbList","@id":"https:\/\/www.diosexplo.com\/fr\/a-notre-sujet\/dirigeants-et-conseil-dadministration\/#breadcrumb","itemListElement":[{"@type":"ListItem","position":1,"name":"Accueil","item":"https:\/\/www.diosexplo.com\/fr\/"},{"@type":"ListItem","position":2,"name":"\u00c0 notre sujet","item":"https:\/\/www.diosexplo.com\/fr\/a-notre-sujet\/"},{"@type":"ListItem","position":3,"name":"Dirigeants et conseil d\u2019administration"}]},{"@type":"WebSite","@id":"https:\/\/www.diosexplo.com\/fr\/#website","url":"https:\/\/www.diosexplo.com\/fr\/","name":"Dios Exploration","description":"","publisher":{"@id":"https:\/\/www.diosexplo.com\/fr\/#organization"},"potentialAction":[{"@type":"SearchAction","target":{"@type":"EntryPoint","urlTemplate":"https:\/\/www.diosexplo.com\/fr\/?s={search_term_string}"},"query-input":{"@type":"PropertyValueSpecification","valueRequired":true,"valueName":"search_term_string"}}],"inLanguage":"fr-FR"},{"@type":"Organization","@id":"https:\/\/www.diosexplo.com\/fr\/#organization","name":"Dios Exploration","url":"https:\/\/www.diosexplo.com\/fr\/","logo":{"@type":"ImageObject","inLanguage":"fr-FR","@id":"https:\/\/www.diosexplo.com\/fr\/#\/schema\/logo\/image\/","url":"https:\/\/www.diosexplo.com\/wp-content\/uploads\/2020\/02\/dios-exploration.jpg","contentUrl":"https:\/\/www.diosexplo.com\/wp-content\/uploads\/2020\/02\/dios-exploration.jpg","width":300,"height":187,"caption":"Dios Exploration"},"image":{"@id":"https:\/\/www.diosexplo.com\/fr\/#\/schema\/logo\/image\/"}}]}},"_links":{"self":[{"href":"https:\/\/www.diosexplo.com\/fr\/wp-json\/wp\/v2\/pages\/522","targetHints":{"allow":["GET"]}}],"collection":[{"href":"https:\/\/www.diosexplo.com\/fr\/wp-json\/wp\/v2\/pages"}],"about":[{"href":"https:\/\/www.diosexplo.com\/fr\/wp-json\/wp\/v2\/types\/page"}],"author":[{"embeddable":true,"href":"https:\/\/www.diosexplo.com\/fr\/wp-json\/wp\/v2\/users\/10"}],"replies":[{"embeddable":true,"href":"https:\/\/www.diosexplo.com\/fr\/wp-json\/wp\/v2\/comments?post=522"}],"version-history":[{"count":6,"href":"https:\/\/www.diosexplo.com\/fr\/wp-json\/wp\/v2\/pages\/522\/revisions"}],"predecessor-version":[{"id":4182,"href":"https:\/\/www.diosexplo.com\/fr\/wp-json\/wp\/v2\/pages\/522\/revisions\/4182"}],"up":[{"embeddable":true,"href":"https:\/\/www.diosexplo.com\/fr\/wp-json\/wp\/v2\/pages\/505"}],"wp:attachment":[{"href":"https:\/\/www.diosexplo.com\/fr\/wp-json\/wp\/v2\/media?parent=522"}],"curies":[{"name":"wp","href":"https:\/\/api.w.org\/{rel}","templated":true}]}}