{"id":505,"date":"2019-09-04T12:05:58","date_gmt":"2019-09-04T16:05:58","guid":{"rendered":"http:\/\/dios.wenodev.com\/?page_id=505"},"modified":"2024-04-20T14:18:59","modified_gmt":"2024-04-20T18:18:59","slug":"a-notre-sujet","status":"publish","type":"page","link":"https:\/\/www.diosexplo.com\/fr\/a-notre-sujet\/","title":{"rendered":"\u00c0 notre sujet"},"content":{"rendered":"<div class=\"wpb-content-wrapper\">[mk_page_section bg_image=\u00a0\u00bbhttps:\/\/www.diosexplo.com\/wp-content\/uploads\/2019\/11\/diamant_darkhd_compressed.jpg\u00a0\u00bb bg_position=\u00a0\u00bbcenter center\u00a0\u00bb bg_repeat=\u00a0\u00bbno-repeat\u00a0\u00bb bg_stretch=\u00a0\u00bbtrue\u00a0\u00bb speed_factor=\u00a0\u00bb0.6&Prime; video_opacity=\u00a0\u00bb0.8&Prime; min_height=\u00a0\u00bb325&Prime; full_width=\u00a0\u00bbtrue\u00a0\u00bb padding_top=\u00a0\u00bb110&Prime; padding_bottom=\u00a0\u00bb90&Prime; sidebar=\u00a0\u00bbsidebar-1&Prime;][vc_column][mk_fancy_title color=\u00a0\u00bb#ffffff\u00a0\u00bb size=\u00a0\u00bb100&Prime; force_font_size=\u00a0\u00bbtrue\u00a0\u00bb font_weight=\u00a0\u00bb100&Prime; txt_transform=\u00a0\u00bbuppercase\u00a0\u00bb font_family=\u00a0\u00bbnone\u00a0\u00bb align=\u00a0\u00bbcenter\u00a0\u00bb]\u00c0 notre sujet[\/mk_fancy_title][\/vc_column][\/mk_page_section][vc_row][vc_column][mk_padding_divider size=\u00a0\u00bb80&Prime;][\/vc_column][\/vc_row][vc_row][vc_column][mk_fancy_title size=\u00a0\u00bb25&Prime; font_family=\u00a0\u00bbnone\u00a0\u00bb align=\u00a0\u00bbcenter\u00a0\u00bb]<strong><em>La force des projets d&rsquo;or de Dios r\u00e9side dans leur localisation prospective \u00e0 la Baie James le long d&rsquo;une structure g\u00e9ologique majeure qui est aussi l&rsquo;h\u00f4te du gisement \u00c9l\u00e9onore de Newmont GoldCorp.<\/em><\/strong>[\/mk_fancy_title][mk_divider style=\u00a0\u00bbthin_solid\u00a0\u00bb divider_width=\u00a0\u00bbcustom_width\u00a0\u00bb custom_width=\u00a0\u00bb86&Prime; thickness=\u00a0\u00bb5&Prime; margin_top=\u00a0\u00bb0&Prime;][\/vc_column][\/vc_row][vc_row][vc_column width=\u00a0\u00bb3\/4&Prime;][vc_column_text css=\u00a0\u00bb.vc_custom_1576251591335{margin-bottom: 0px !important;}\u00a0\u00bb]<span style=\"color: #008000;\"><strong>Dios Exploration Inc.<\/strong><\/span> est un chef de file de la recherche pour l&rsquo;or et le diamant en terrains glaciaires, \u00e9chantillonnant syst\u00e9matiquement les d\u00e9p\u00f4ts de s\u00e9diments glaciaires et poss\u00e9dant environ 483 claims le long d&rsquo;un contact g\u00e9ologique majeur \u00e0 la Baie James.<\/p>\n<p>Ces claims renferment un potentiel \u00e9lev\u00e9 pour l&rsquo;or et le diamant.<\/p>\n<p>La strat\u00e9gie d&rsquo;affaires de DIOS consiste \u00e0 g\u00e9n\u00e9rer des projets d&rsquo;exploration &#8211; du concept scientifique \u00e0 la faisabilit\u00e9 &#8211; et de les d\u00e9velopper soit seul ou dans le cadre d&rsquo;une coentreprise.<\/p>\n<p>Les actionnaires de DIOS profitent d&rsquo;un portefeuille d&rsquo;exploration diversifi\u00e9 fond\u00e9 sur le potentiel de gisements d&rsquo;or et de diamants.<\/p>\n<p>Les propri\u00e9t\u00e9s actuelles sont les suivantes :\u00a0<strong><span style=\"color: #198b49;\"><a style=\"color: #198b49;\" href=\"https:\/\/www.diosexplo.com\/?p=275\">K2<\/a><\/span>, <span style=\"color: #198b49;\"><a style=\"color: #198b49;\" href=\"https:\/\/www.diosexplo.com\/?p=277\">AU 33<\/a><\/span>,\u00a0<span style=\"color: #198b49;\"><a style=\"color: #198b49;\" href=\"https:\/\/www.diosexplo.com\/?p=276\">Clarkie<\/a> <\/span><\/strong>et<strong> <span style=\"color: #198b49;\"><a style=\"color: #198b49;\" href=\"https:\/\/www.diosexplo.com\/?p=274\">33 Carats<\/a><\/span><\/strong>.<\/p>\n<h2><strong>Mission<\/strong><\/h2>\n<p>Les projets d&rsquo;or de Dios se situent au sein d&rsquo;un sous-province g\u00e9ologique tr\u00e8s peu m\u00e9tamorphis\u00e9e, au contact sud des m\u00e9tas\u00e9diments tr\u00e8s m\u00e9tamorphis\u00e9s de l&rsquo;Opinaca. L&rsquo;important gisement d&rsquo;or \u00c9l\u00e9onore est situ\u00e9 \u00e0 proximit\u00e9 de ce contact.<\/p>\n<p>Dios Exploration g\u00e9n\u00e8re ses propres occasions de recherche g\u00e9ologique pour les d\u00e9velopper par la suite seule, ou en partenariat.<\/p>\n<p>Plusieurs projets d&rsquo;exploration du diamant actifs le long de structures favorables ont permis de recueillir des sables glaciaires en terrains sous-explor\u00e9s et de trouver les kimberlites Hotish 1 \u00e0 4 de Dios.<\/p>\n<p>Les multiples donn\u00e9es acquises par Dios suite \u00e0 l\u2019\u00e9chantillonnage syst\u00e9matique des d\u00e9p\u00f4ts glaciaires sur ses propri\u00e9t\u00e9s situ\u00e9es dans la sous-province g\u00e9ologique de La Grande, pr\u00e8s du contact avec celle d\u2019Opinaca, ont \u00e9galement permis de g\u00e9n\u00e9rer plusieurs projets aurif\u00e8res.[\/vc_column_text][\/vc_column][vc_column visibility=\u00a0\u00bbhidden-sm\u00a0\u00bb width=\u00a0\u00bb1\/4&Prime;][mk_custom_sidebar sidebar=\u00a0\u00bbsidebar-1&Prime;][\/vc_column][\/vc_row][vc_row css=\u00a0\u00bb.vc_custom_1571521622456{margin-top: 20px !important;background-color: #4169b2 !important;}\u00a0\u00bb][vc_column][vc_column_inner css=\u00a0\u00bb.vc_custom_1571521248213{background-color: #4169b2 !important;}\u00a0\u00bb][mk_fancy_title tag_name=\u00a0\u00bbspan\u00a0\u00bb color=\u00a0\u00bb#ffffff\u00a0\u00bb size=\u00a0\u00bb28&Prime; font_family=\u00a0\u00bbnone\u00a0\u00bb el_class=\u00a0\u00bbbanner_contact\u00a0\u00bb]\n<p style=\"text-align: center;\"><strong>Vous avez des\u00a0\u00a0questions?<\/strong> Contactez-nous!\u00a0 \u00a0 <a href=\"tel:5149239123\"><strong>514 923-9123<\/strong><\/a><\/p>\n[\/mk_fancy_title][\/vc_column_inner][\/vc_column][\/vc_row][mk_page_section bg_image=\u00a0\u00bbhttps:\/\/www.diosexplo.com\/wp-content\/uploads\/2019\/09\/imageforet_footer-2.png\u00a0\u00bb bg_stretch=\u00a0\u00bbtrue\u00a0\u00bb sidebar=\u00a0\u00bbsidebar-1&Prime;][vc_column][mk_padding_divider size=\u00a0\u00bb500&Prime;][\/vc_column][\/mk_page_section]\n<\/div>","protected":false},"excerpt":{"rendered":"<p>[mk_page_section bg_image=\u00a0\u00bbhttps:\/\/www.diosexplo.com\/wp-content\/uploads\/2019\/11\/diamant_darkhd_compressed.jpg\u00a0\u00bb bg_position=\u00a0\u00bbcenter center\u00a0\u00bb bg_repeat=\u00a0\u00bbno-repeat\u00a0\u00bb bg_stretch=\u00a0\u00bbtrue\u00a0\u00bb speed_factor=\u00a0\u00bb0.6&Prime; video_opacity=\u00a0\u00bb0.8&Prime; min_height=\u00a0\u00bb325&Prime; full_width=\u00a0\u00bbtrue\u00a0\u00bb padding_top=\u00a0\u00bb110&Prime; padding_bottom=\u00a0\u00bb90&Prime; sidebar=\u00a0\u00bbsidebar-1&Prime;][vc_column][mk_fancy_title color=\u00a0\u00bb#ffffff\u00a0\u00bb size=\u00a0\u00bb100&Prime; force_font_size=\u00a0\u00bbtrue\u00a0\u00bb font_weight=\u00a0\u00bb100&Prime; txt_transform=\u00a0\u00bbuppercase\u00a0\u00bb font_family=\u00a0\u00bbnone\u00a0\u00bb align=\u00a0\u00bbcenter\u00a0\u00bb]\u00c0 notre sujet[\/mk_fancy_title][\/vc_column][\/mk_page_section][vc_row][vc_column][mk_padding_divider size=\u00a0\u00bb80&Prime;][\/vc_column][\/vc_row][vc_row][vc_column][mk_fancy_title size=\u00a0\u00bb25&Prime; font_family=\u00a0\u00bbnone\u00a0\u00bb align=\u00a0\u00bbcenter\u00a0\u00bb]La force des projets d&rsquo;or de Dios r\u00e9side dans leur localisation prospective \u00e0 la Baie James le long d&rsquo;une structure g\u00e9ologique majeure qui est aussi l&rsquo;h\u00f4te du gisement \u00c9l\u00e9onore de [&hellip;]<\/p>\n","protected":false},"author":10,"featured_media":0,"parent":0,"menu_order":6,"comment_status":"closed","ping_status":"closed","template":"","meta":{"footnotes":""},"class_list":["post-505","page","type-page","status-publish","hentry"],"yoast_head":"<!-- This site is optimized with the Yoast SEO plugin v26.7 - https:\/\/yoast.com\/wordpress\/plugins\/seo\/ -->\n<title>\u00c0 notre sujet - Dios Exploration<\/title>\n<meta name=\"robots\" content=\"index, follow, max-snippet:-1, max-image-preview:large, max-video-preview:-1\" \/>\n<link rel=\"canonical\" href=\"https:\/\/www.diosexplo.com\/fr\/a-notre-sujet\/\" \/>\n<meta property=\"og:locale\" content=\"fr_FR\" \/>\n<meta property=\"og:type\" content=\"article\" \/>\n<meta property=\"og:title\" content=\"\u00c0 notre sujet - Dios Exploration\" \/>\n<meta property=\"og:description\" content=\"[mk_page_section bg_image=\u00a0\u00bbhttps:\/\/www.diosexplo.com\/wp-content\/uploads\/2019\/11\/diamant_darkhd_compressed.jpg\u00a0\u00bb bg_position=\u00a0\u00bbcenter center\u00a0\u00bb bg_repeat=\u00a0\u00bbno-repeat\u00a0\u00bb bg_stretch=\u00a0\u00bbtrue\u00a0\u00bb speed_factor=\u00a0\u00bb0.6&Prime; video_opacity=\u00a0\u00bb0.8&Prime; min_height=\u00a0\u00bb325&Prime; full_width=\u00a0\u00bbtrue\u00a0\u00bb padding_top=\u00a0\u00bb110&Prime; padding_bottom=\u00a0\u00bb90&Prime; sidebar=\u00a0\u00bbsidebar-1&Prime;][vc_column][mk_fancy_title color=\u00a0\u00bb#ffffff\u00a0\u00bb size=\u00a0\u00bb100&Prime; force_font_size=\u00a0\u00bbtrue\u00a0\u00bb font_weight=\u00a0\u00bb100&Prime; txt_transform=\u00a0\u00bbuppercase\u00a0\u00bb font_family=\u00a0\u00bbnone\u00a0\u00bb align=\u00a0\u00bbcenter\u00a0\u00bb]\u00c0 notre sujet[\/mk_fancy_title][\/vc_column][\/mk_page_section][vc_row][vc_column][mk_padding_divider size=\u00a0\u00bb80&Prime;][\/vc_column][\/vc_row][vc_row][vc_column][mk_fancy_title size=\u00a0\u00bb25&Prime; font_family=\u00a0\u00bbnone\u00a0\u00bb align=\u00a0\u00bbcenter\u00a0\u00bb]La force des projets d&rsquo;or de Dios r\u00e9side dans leur localisation prospective \u00e0 la Baie James le long d&rsquo;une structure g\u00e9ologique majeure qui est aussi l&rsquo;h\u00f4te du gisement \u00c9l\u00e9onore de [&hellip;]\" \/>\n<meta property=\"og:url\" content=\"https:\/\/www.diosexplo.com\/fr\/a-notre-sujet\/\" \/>\n<meta property=\"og:site_name\" content=\"Dios Exploration\" \/>\n<meta property=\"article:modified_time\" content=\"2024-04-20T18:18:59+00:00\" \/>\n<meta name=\"twitter:card\" content=\"summary_large_image\" \/>\n<meta name=\"twitter:label1\" content=\"Dur\u00e9e de lecture estim\u00e9e\" \/>\n\t<meta name=\"twitter:data1\" content=\"2 minutes\" \/>\n<script type=\"application\/ld+json\" class=\"yoast-schema-graph\">{\"@context\":\"https:\/\/schema.org\",\"@graph\":[{\"@type\":\"WebPage\",\"@id\":\"https:\/\/www.diosexplo.com\/fr\/a-notre-sujet\/\",\"url\":\"https:\/\/www.diosexplo.com\/fr\/a-notre-sujet\/\",\"name\":\"\u00c0 notre sujet - Dios Exploration\",\"isPartOf\":{\"@id\":\"https:\/\/www.diosexplo.com\/fr\/#website\"},\"datePublished\":\"2019-09-04T16:05:58+00:00\",\"dateModified\":\"2024-04-20T18:18:59+00:00\",\"breadcrumb\":{\"@id\":\"https:\/\/www.diosexplo.com\/fr\/a-notre-sujet\/#breadcrumb\"},\"inLanguage\":\"fr-FR\",\"potentialAction\":[{\"@type\":\"ReadAction\",\"target\":[\"https:\/\/www.diosexplo.com\/fr\/a-notre-sujet\/\"]}]},{\"@type\":\"BreadcrumbList\",\"@id\":\"https:\/\/www.diosexplo.com\/fr\/a-notre-sujet\/#breadcrumb\",\"itemListElement\":[{\"@type\":\"ListItem\",\"position\":1,\"name\":\"Accueil\",\"item\":\"https:\/\/www.diosexplo.com\/fr\/\"},{\"@type\":\"ListItem\",\"position\":2,\"name\":\"\u00c0 notre sujet\"}]},{\"@type\":\"WebSite\",\"@id\":\"https:\/\/www.diosexplo.com\/fr\/#website\",\"url\":\"https:\/\/www.diosexplo.com\/fr\/\",\"name\":\"Dios Exploration\",\"description\":\"\",\"publisher\":{\"@id\":\"https:\/\/www.diosexplo.com\/fr\/#organization\"},\"potentialAction\":[{\"@type\":\"SearchAction\",\"target\":{\"@type\":\"EntryPoint\",\"urlTemplate\":\"https:\/\/www.diosexplo.com\/fr\/?s={search_term_string}\"},\"query-input\":{\"@type\":\"PropertyValueSpecification\",\"valueRequired\":true,\"valueName\":\"search_term_string\"}}],\"inLanguage\":\"fr-FR\"},{\"@type\":\"Organization\",\"@id\":\"https:\/\/www.diosexplo.com\/fr\/#organization\",\"name\":\"Dios Exploration\",\"url\":\"https:\/\/www.diosexplo.com\/fr\/\",\"logo\":{\"@type\":\"ImageObject\",\"inLanguage\":\"fr-FR\",\"@id\":\"https:\/\/www.diosexplo.com\/fr\/#\/schema\/logo\/image\/\",\"url\":\"https:\/\/www.diosexplo.com\/wp-content\/uploads\/2020\/02\/dios-exploration.jpg\",\"contentUrl\":\"https:\/\/www.diosexplo.com\/wp-content\/uploads\/2020\/02\/dios-exploration.jpg\",\"width\":300,\"height\":187,\"caption\":\"Dios Exploration\"},\"image\":{\"@id\":\"https:\/\/www.diosexplo.com\/fr\/#\/schema\/logo\/image\/\"}}]}<\/script>\n<!-- \/ Yoast SEO plugin. -->","yoast_head_json":{"title":"\u00c0 notre sujet - Dios Exploration","robots":{"index":"index","follow":"follow","max-snippet":"max-snippet:-1","max-image-preview":"max-image-preview:large","max-video-preview":"max-video-preview:-1"},"canonical":"https:\/\/www.diosexplo.com\/fr\/a-notre-sujet\/","og_locale":"fr_FR","og_type":"article","og_title":"\u00c0 notre sujet - Dios Exploration","og_description":"[mk_page_section bg_image=\u00a0\u00bbhttps:\/\/www.diosexplo.com\/wp-content\/uploads\/2019\/11\/diamant_darkhd_compressed.jpg\u00a0\u00bb bg_position=\u00a0\u00bbcenter center\u00a0\u00bb bg_repeat=\u00a0\u00bbno-repeat\u00a0\u00bb bg_stretch=\u00a0\u00bbtrue\u00a0\u00bb speed_factor=\u00a0\u00bb0.6&Prime; video_opacity=\u00a0\u00bb0.8&Prime; min_height=\u00a0\u00bb325&Prime; full_width=\u00a0\u00bbtrue\u00a0\u00bb padding_top=\u00a0\u00bb110&Prime; padding_bottom=\u00a0\u00bb90&Prime; sidebar=\u00a0\u00bbsidebar-1&Prime;][vc_column][mk_fancy_title color=\u00a0\u00bb#ffffff\u00a0\u00bb size=\u00a0\u00bb100&Prime; force_font_size=\u00a0\u00bbtrue\u00a0\u00bb font_weight=\u00a0\u00bb100&Prime; txt_transform=\u00a0\u00bbuppercase\u00a0\u00bb font_family=\u00a0\u00bbnone\u00a0\u00bb align=\u00a0\u00bbcenter\u00a0\u00bb]\u00c0 notre sujet[\/mk_fancy_title][\/vc_column][\/mk_page_section][vc_row][vc_column][mk_padding_divider size=\u00a0\u00bb80&Prime;][\/vc_column][\/vc_row][vc_row][vc_column][mk_fancy_title size=\u00a0\u00bb25&Prime; font_family=\u00a0\u00bbnone\u00a0\u00bb align=\u00a0\u00bbcenter\u00a0\u00bb]La force des projets d&rsquo;or de Dios r\u00e9side dans leur localisation prospective \u00e0 la Baie James le long d&rsquo;une structure g\u00e9ologique majeure qui est aussi l&rsquo;h\u00f4te du gisement \u00c9l\u00e9onore de [&hellip;]","og_url":"https:\/\/www.diosexplo.com\/fr\/a-notre-sujet\/","og_site_name":"Dios Exploration","article_modified_time":"2024-04-20T18:18:59+00:00","twitter_card":"summary_large_image","twitter_misc":{"Dur\u00e9e de lecture estim\u00e9e":"2 minutes"},"schema":{"@context":"https:\/\/schema.org","@graph":[{"@type":"WebPage","@id":"https:\/\/www.diosexplo.com\/fr\/a-notre-sujet\/","url":"https:\/\/www.diosexplo.com\/fr\/a-notre-sujet\/","name":"\u00c0 notre sujet - Dios Exploration","isPartOf":{"@id":"https:\/\/www.diosexplo.com\/fr\/#website"},"datePublished":"2019-09-04T16:05:58+00:00","dateModified":"2024-04-20T18:18:59+00:00","breadcrumb":{"@id":"https:\/\/www.diosexplo.com\/fr\/a-notre-sujet\/#breadcrumb"},"inLanguage":"fr-FR","potentialAction":[{"@type":"ReadAction","target":["https:\/\/www.diosexplo.com\/fr\/a-notre-sujet\/"]}]},{"@type":"BreadcrumbList","@id":"https:\/\/www.diosexplo.com\/fr\/a-notre-sujet\/#breadcrumb","itemListElement":[{"@type":"ListItem","position":1,"name":"Accueil","item":"https:\/\/www.diosexplo.com\/fr\/"},{"@type":"ListItem","position":2,"name":"\u00c0 notre sujet"}]},{"@type":"WebSite","@id":"https:\/\/www.diosexplo.com\/fr\/#website","url":"https:\/\/www.diosexplo.com\/fr\/","name":"Dios Exploration","description":"","publisher":{"@id":"https:\/\/www.diosexplo.com\/fr\/#organization"},"potentialAction":[{"@type":"SearchAction","target":{"@type":"EntryPoint","urlTemplate":"https:\/\/www.diosexplo.com\/fr\/?s={search_term_string}"},"query-input":{"@type":"PropertyValueSpecification","valueRequired":true,"valueName":"search_term_string"}}],"inLanguage":"fr-FR"},{"@type":"Organization","@id":"https:\/\/www.diosexplo.com\/fr\/#organization","name":"Dios Exploration","url":"https:\/\/www.diosexplo.com\/fr\/","logo":{"@type":"ImageObject","inLanguage":"fr-FR","@id":"https:\/\/www.diosexplo.com\/fr\/#\/schema\/logo\/image\/","url":"https:\/\/www.diosexplo.com\/wp-content\/uploads\/2020\/02\/dios-exploration.jpg","contentUrl":"https:\/\/www.diosexplo.com\/wp-content\/uploads\/2020\/02\/dios-exploration.jpg","width":300,"height":187,"caption":"Dios Exploration"},"image":{"@id":"https:\/\/www.diosexplo.com\/fr\/#\/schema\/logo\/image\/"}}]}},"_links":{"self":[{"href":"https:\/\/www.diosexplo.com\/fr\/wp-json\/wp\/v2\/pages\/505","targetHints":{"allow":["GET"]}}],"collection":[{"href":"https:\/\/www.diosexplo.com\/fr\/wp-json\/wp\/v2\/pages"}],"about":[{"href":"https:\/\/www.diosexplo.com\/fr\/wp-json\/wp\/v2\/types\/page"}],"author":[{"embeddable":true,"href":"https:\/\/www.diosexplo.com\/fr\/wp-json\/wp\/v2\/users\/10"}],"replies":[{"embeddable":true,"href":"https:\/\/www.diosexplo.com\/fr\/wp-json\/wp\/v2\/comments?post=505"}],"version-history":[{"count":4,"href":"https:\/\/www.diosexplo.com\/fr\/wp-json\/wp\/v2\/pages\/505\/revisions"}],"predecessor-version":[{"id":3832,"href":"https:\/\/www.diosexplo.com\/fr\/wp-json\/wp\/v2\/pages\/505\/revisions\/3832"}],"wp:attachment":[{"href":"https:\/\/www.diosexplo.com\/fr\/wp-json\/wp\/v2\/media?parent=505"}],"curies":[{"name":"wp","href":"https:\/\/api.w.org\/{rel}","templated":true}]}}