{"id":501,"date":"2019-09-04T12:05:25","date_gmt":"2019-09-04T16:05:25","guid":{"rendered":"http:\/\/dios.wenodev.com\/?page_id=501"},"modified":"2024-04-20T14:17:26","modified_gmt":"2024-04-20T18:17:26","slug":"developpement-durable","status":"publish","type":"page","link":"https:\/\/www.diosexplo.com\/fr\/developpement-durable\/","title":{"rendered":"D\u00e9veloppement  durable"},"content":{"rendered":"<div class=\"wpb-content-wrapper\">[mk_page_section bg_image=\u00a0\u00bbhttps:\/\/www.diosexplo.com\/wp-content\/uploads\/2019\/11\/auroreboreale_compress.jpg\u00a0\u00bb bg_position=\u00a0\u00bbcenter center\u00a0\u00bb bg_repeat=\u00a0\u00bbno-repeat\u00a0\u00bb bg_stretch=\u00a0\u00bbtrue\u00a0\u00bb speed_factor=\u00a0\u00bb0.6&Prime; video_opacity=\u00a0\u00bb0.8&Prime; min_height=\u00a0\u00bb325&Prime; full_width=\u00a0\u00bbtrue\u00a0\u00bb padding_top=\u00a0\u00bb110&Prime; padding_bottom=\u00a0\u00bb90&Prime; sidebar=\u00a0\u00bbsidebar-1&Prime;][vc_column][mk_fancy_title color=\u00a0\u00bb#ffffff\u00a0\u00bb size=\u00a0\u00bb100&Prime; force_font_size=\u00a0\u00bbtrue\u00a0\u00bb font_weight=\u00a0\u00bb100&Prime; txt_transform=\u00a0\u00bbuppercase\u00a0\u00bb font_family=\u00a0\u00bbnone\u00a0\u00bb align=\u00a0\u00bbcenter\u00a0\u00bb]D\u00e9veloppement durable[\/mk_fancy_title][\/vc_column][\/mk_page_section][vc_row][vc_column][mk_padding_divider size=\u00a0\u00bb80&Prime;][\/vc_column][\/vc_row][vc_row][vc_column width=\u00a0\u00bb3\/4&Prime;][vc_column_text css=\u00a0\u00bb.vc_custom_1568858271870{margin-bottom: 0px !important;}\u00a0\u00bb]\n<h2>Principes de d\u00e9veloppement durable<\/h2>\n<p>Dios participe \u00e0 Restor-Action Nunavik<\/p>\n<p>L\u2019Association canadienne des prospecteurs et entrepreneurs (PDAC) a \u00e9tabli <strong>E3 Plus<\/strong>, un cadre d\u2019explorationresponsable.<\/p>\n<p><strong>E3 Plus<\/strong> a pour but d\u2019aider les soci\u00e9t\u00e9s d\u2019exploration \u00e0 am\u00e9liorer leur rendement dans les domaines de la responsabilit\u00e9 sociale, de la g\u00e9rance de l\u2019environnement et de la sant\u00e9-s\u00e9curit\u00e9 et \u00e0 int\u00e9grer ces trois aspects dans tous leurs programmes d\u2019exploration.<\/p>\n<p>Exploration Dios a adopt\u00e9 les huit principes E3 Plus et demande \u00e9galement \u00e0 ses consultant et fournisseurs de les respecter.[\/vc_column_text][vc_column_text css=\u00a0\u00bb.vc_custom_1568858550076{margin-bottom: 0px !important;}\u00a0\u00bb]\n<h3>Voici les principes qui s\u2019appliquent principalement \u00e0 la Soci\u00e9t\u00e9 :<\/h3>\n<ul>\n<li>Pratiques commerciales \u00e9thiques : Dios continue d\u2019appliquer des proc\u00e9dures de gestion qui favorisent l\u2019honn\u00eatet\u00e9, l\u2019int\u00e9grit\u00e9, la transparence et l\u2019obligation de rendre compte.<\/li>\n<li>Int\u00e9grer les communaut\u00e9s d\u2019accueil et des autres parties affect\u00e9es et int\u00e9ress\u00e9es : Lors de ses travaux d\u2019exploration, Dios s\u2019assure d\u2019interagir avec les communaut\u00e9s autochtones dont les trappeurs, organisations, groupes et individus, en faisant preuve de respect, d\u2019inclusion et de participation significative.<\/li>\n<li>Prot\u00e9ger l\u2019environnement : Dios effectue ses activit\u00e9s d\u2019exploration de mani\u00e8re \u00e0 avoir un impact minimal sur l\u2019environnement et applique, dans toutes ses op\u00e9rations, les principes du d\u00e9veloppement durable.<\/li>\n<\/ul>\n<p>De plus, le 21 mai 2014, le conseil d\u2019administration de la Soci\u00e9t\u00e9 a vot\u00e9 une r\u00e9solution prenant les engagements suivants \u00e0 titre de gouvernance respectant les principes de d\u00e9veloppement durable :<\/p>\n<h4>En termes de gouvernance et de gestion responsable, la Soci\u00e9t\u00e9 doit s\u2019assurer:<\/h4>\n<ul>\n<li>Que les employ\u00e9s, \u00e0 tous les niveaux, comprennent leurs responsabilit\u00e9s environnementales et sociales et qu\u2019ils travaillent \u00e0 l\u2019am\u00e9lioration de leur environnement de travail<\/li>\n<li>De planifier, \u00e9valuer et g\u00e9rer tous les projets avec rigueur dans le but de minimiser les effets n\u00e9gatifs sur l\u2019environnement et les communaut\u00e9s locales<\/li>\n<\/ul>\n<h4>La gestion responsable d\u2019un projet sur des terres utilis\u00e9es par d\u2019autres intervenants passe par le dialogue. La Soci\u00e9t\u00e9 doit s\u2019assurer :<\/h4>\n<ul>\n<li>De d\u00e9velopper une communication proactive, ouverte et transparente avec les autorit\u00e9s locales (incluant les communaut\u00e9s autochtones), municipales et les organismes gouvernementaux;<\/li>\n<li>De d\u00e9velopper une communication proactive avec les autres parties prenantes du territoire.<\/li>\n<\/ul>\n<h4>En termes de sant\u00e9 et s\u00e9curit\u00e9, la Soci\u00e9t\u00e9 doit s\u2019assurer :<\/h4>\n<ul>\n<li>D\u2019appliquer avec diligence les r\u00e8glementations en mati\u00e8re de sant\u00e9-s\u00e9curit\u00e9 dans toutes ses activit\u00e9s d\u2019exploration.<\/li>\n<\/ul>\n<h4>En termes d\u2019environnement, la Soci\u00e9t\u00e9 doit s\u2019assurer :<\/h4>\n<ul>\n<li>D\u2019appliquer avec diligence les r\u00e8glementations en mati\u00e8re d\u2019environnement dans toutes ses activit\u00e9s d\u2019exploration.<\/li>\n<\/ul>\n<h4>En termes socio-\u00e9conomiques, la Soci\u00e9t\u00e9 soit s\u2019assurer :<\/h4>\n<ul>\n<li>Dans la mesure du possible, de g\u00e9n\u00e9rer des retomb\u00e9es locales et de contribuer au d\u00e9veloppement local par l\u2019\u00e9tablissement de partenariats constructifs avec les communaut\u00e9s autochtones et non autochtones, dans le respect des int\u00e9r\u00eats propres \u00e0 chacune.<\/li>\n<\/ul>\n[\/vc_column_text][\/vc_column][vc_column visibility=\u00a0\u00bbhidden-sm\u00a0\u00bb width=\u00a0\u00bb1\/4&Prime;][mk_custom_sidebar sidebar=\u00a0\u00bbsidebar-1&Prime;][\/vc_column][\/vc_row][vc_row css=\u00a0\u00bb.vc_custom_1571521651309{margin-top: 20px !important;background-color: #4169b2 !important;}\u00a0\u00bb][vc_column][vc_column_inner css=\u00a0\u00bb.vc_custom_1571521078378{background-color: #4169b2 !important;}\u00a0\u00bb][mk_fancy_title tag_name=\u00a0\u00bbspan\u00a0\u00bb color=\u00a0\u00bb#ffffff\u00a0\u00bb size=\u00a0\u00bb28&Prime; font_family=\u00a0\u00bbnone\u00a0\u00bb el_class=\u00a0\u00bbbanner_contact\u00a0\u00bb]\n<p style=\"text-align: center;\"><strong>Vous avez des\u00a0\u00a0questions?<\/strong> Contactez-nous!\u00a0 \u00a0 <a href=\"tel:5149239123\"><strong>514 923-9123<\/strong><\/a><\/p>\n[\/mk_fancy_title][\/vc_column_inner][\/vc_column][\/vc_row][mk_page_section bg_image=\u00a0\u00bbhttps:\/\/www.diosexplo.com\/wp-content\/uploads\/2019\/09\/imageforet_footer-2.png\u00a0\u00bb bg_stretch=\u00a0\u00bbtrue\u00a0\u00bb sidebar=\u00a0\u00bbsidebar-1&Prime;][vc_column][mk_padding_divider size=\u00a0\u00bb500&Prime;][\/vc_column][\/mk_page_section]\n<\/div>","protected":false},"excerpt":{"rendered":"<p>[mk_page_section bg_image=\u00a0\u00bbhttps:\/\/www.diosexplo.com\/wp-content\/uploads\/2019\/11\/auroreboreale_compress.jpg\u00a0\u00bb bg_position=\u00a0\u00bbcenter center\u00a0\u00bb bg_repeat=\u00a0\u00bbno-repeat\u00a0\u00bb bg_stretch=\u00a0\u00bbtrue\u00a0\u00bb speed_factor=\u00a0\u00bb0.6&Prime; video_opacity=\u00a0\u00bb0.8&Prime; min_height=\u00a0\u00bb325&Prime; full_width=\u00a0\u00bbtrue\u00a0\u00bb padding_top=\u00a0\u00bb110&Prime; padding_bottom=\u00a0\u00bb90&Prime; sidebar=\u00a0\u00bbsidebar-1&Prime;][vc_column][mk_fancy_title color=\u00a0\u00bb#ffffff\u00a0\u00bb size=\u00a0\u00bb100&Prime; force_font_size=\u00a0\u00bbtrue\u00a0\u00bb font_weight=\u00a0\u00bb100&Prime; txt_transform=\u00a0\u00bbuppercase\u00a0\u00bb font_family=\u00a0\u00bbnone\u00a0\u00bb align=\u00a0\u00bbcenter\u00a0\u00bb]D\u00e9veloppement durable[\/mk_fancy_title][\/vc_column][\/mk_page_section][vc_row][vc_column][mk_padding_divider size=\u00a0\u00bb80&Prime;][\/vc_column][\/vc_row][vc_row][vc_column width=\u00a0\u00bb3\/4&Prime;][vc_column_text css=\u00a0\u00bb.vc_custom_1568858271870{margin-bottom: 0px !important;}\u00a0\u00bb] Principes de d\u00e9veloppement durable Dios participe \u00e0 Restor-Action Nunavik L\u2019Association canadienne des prospecteurs et entrepreneurs (PDAC) a \u00e9tabli E3 Plus, un cadre d\u2019explorationresponsable. E3 Plus a pour but d\u2019aider [&hellip;]<\/p>\n","protected":false},"author":10,"featured_media":0,"parent":0,"menu_order":4,"comment_status":"closed","ping_status":"closed","template":"","meta":{"footnotes":""},"class_list":["post-501","page","type-page","status-publish","hentry"],"yoast_head":"<!-- This site is optimized with the Yoast SEO plugin v26.7 - https:\/\/yoast.com\/wordpress\/plugins\/seo\/ -->\n<title>D\u00e9veloppement durable - Dios Exploration<\/title>\n<meta name=\"robots\" content=\"index, follow, max-snippet:-1, max-image-preview:large, max-video-preview:-1\" \/>\n<link rel=\"canonical\" href=\"https:\/\/www.diosexplo.com\/fr\/developpement-durable\/\" \/>\n<meta property=\"og:locale\" content=\"fr_FR\" \/>\n<meta property=\"og:type\" content=\"article\" \/>\n<meta property=\"og:title\" content=\"D\u00e9veloppement durable - Dios Exploration\" \/>\n<meta property=\"og:description\" content=\"[mk_page_section bg_image=\u00a0\u00bbhttps:\/\/www.diosexplo.com\/wp-content\/uploads\/2019\/11\/auroreboreale_compress.jpg\u00a0\u00bb bg_position=\u00a0\u00bbcenter center\u00a0\u00bb bg_repeat=\u00a0\u00bbno-repeat\u00a0\u00bb bg_stretch=\u00a0\u00bbtrue\u00a0\u00bb speed_factor=\u00a0\u00bb0.6&Prime; video_opacity=\u00a0\u00bb0.8&Prime; min_height=\u00a0\u00bb325&Prime; full_width=\u00a0\u00bbtrue\u00a0\u00bb padding_top=\u00a0\u00bb110&Prime; padding_bottom=\u00a0\u00bb90&Prime; sidebar=\u00a0\u00bbsidebar-1&Prime;][vc_column][mk_fancy_title color=\u00a0\u00bb#ffffff\u00a0\u00bb size=\u00a0\u00bb100&Prime; force_font_size=\u00a0\u00bbtrue\u00a0\u00bb font_weight=\u00a0\u00bb100&Prime; txt_transform=\u00a0\u00bbuppercase\u00a0\u00bb font_family=\u00a0\u00bbnone\u00a0\u00bb align=\u00a0\u00bbcenter\u00a0\u00bb]D\u00e9veloppement durable[\/mk_fancy_title][\/vc_column][\/mk_page_section][vc_row][vc_column][mk_padding_divider size=\u00a0\u00bb80&Prime;][\/vc_column][\/vc_row][vc_row][vc_column width=\u00a0\u00bb3\/4&Prime;][vc_column_text css=\u00a0\u00bb.vc_custom_1568858271870{margin-bottom: 0px !important;}\u00a0\u00bb] Principes de d\u00e9veloppement durable Dios participe \u00e0 Restor-Action Nunavik L\u2019Association canadienne des prospecteurs et entrepreneurs (PDAC) a \u00e9tabli E3 Plus, un cadre d\u2019explorationresponsable. E3 Plus a pour but d\u2019aider [&hellip;]\" \/>\n<meta property=\"og:url\" content=\"https:\/\/www.diosexplo.com\/fr\/developpement-durable\/\" \/>\n<meta property=\"og:site_name\" content=\"Dios Exploration\" \/>\n<meta property=\"article:modified_time\" content=\"2024-04-20T18:17:26+00:00\" \/>\n<meta name=\"twitter:card\" content=\"summary_large_image\" \/>\n<meta name=\"twitter:label1\" content=\"Dur\u00e9e de lecture estim\u00e9e\" \/>\n\t<meta name=\"twitter:data1\" content=\"3 minutes\" \/>\n<script type=\"application\/ld+json\" class=\"yoast-schema-graph\">{\"@context\":\"https:\/\/schema.org\",\"@graph\":[{\"@type\":\"WebPage\",\"@id\":\"https:\/\/www.diosexplo.com\/fr\/developpement-durable\/\",\"url\":\"https:\/\/www.diosexplo.com\/fr\/developpement-durable\/\",\"name\":\"D\u00e9veloppement durable - Dios Exploration\",\"isPartOf\":{\"@id\":\"https:\/\/www.diosexplo.com\/fr\/#website\"},\"datePublished\":\"2019-09-04T16:05:25+00:00\",\"dateModified\":\"2024-04-20T18:17:26+00:00\",\"breadcrumb\":{\"@id\":\"https:\/\/www.diosexplo.com\/fr\/developpement-durable\/#breadcrumb\"},\"inLanguage\":\"fr-FR\",\"potentialAction\":[{\"@type\":\"ReadAction\",\"target\":[\"https:\/\/www.diosexplo.com\/fr\/developpement-durable\/\"]}]},{\"@type\":\"BreadcrumbList\",\"@id\":\"https:\/\/www.diosexplo.com\/fr\/developpement-durable\/#breadcrumb\",\"itemListElement\":[{\"@type\":\"ListItem\",\"position\":1,\"name\":\"Accueil\",\"item\":\"https:\/\/www.diosexplo.com\/fr\/\"},{\"@type\":\"ListItem\",\"position\":2,\"name\":\"D\u00e9veloppement durable\"}]},{\"@type\":\"WebSite\",\"@id\":\"https:\/\/www.diosexplo.com\/fr\/#website\",\"url\":\"https:\/\/www.diosexplo.com\/fr\/\",\"name\":\"Dios Exploration\",\"description\":\"\",\"publisher\":{\"@id\":\"https:\/\/www.diosexplo.com\/fr\/#organization\"},\"potentialAction\":[{\"@type\":\"SearchAction\",\"target\":{\"@type\":\"EntryPoint\",\"urlTemplate\":\"https:\/\/www.diosexplo.com\/fr\/?s={search_term_string}\"},\"query-input\":{\"@type\":\"PropertyValueSpecification\",\"valueRequired\":true,\"valueName\":\"search_term_string\"}}],\"inLanguage\":\"fr-FR\"},{\"@type\":\"Organization\",\"@id\":\"https:\/\/www.diosexplo.com\/fr\/#organization\",\"name\":\"Dios Exploration\",\"url\":\"https:\/\/www.diosexplo.com\/fr\/\",\"logo\":{\"@type\":\"ImageObject\",\"inLanguage\":\"fr-FR\",\"@id\":\"https:\/\/www.diosexplo.com\/fr\/#\/schema\/logo\/image\/\",\"url\":\"https:\/\/www.diosexplo.com\/wp-content\/uploads\/2020\/02\/dios-exploration.jpg\",\"contentUrl\":\"https:\/\/www.diosexplo.com\/wp-content\/uploads\/2020\/02\/dios-exploration.jpg\",\"width\":300,\"height\":187,\"caption\":\"Dios Exploration\"},\"image\":{\"@id\":\"https:\/\/www.diosexplo.com\/fr\/#\/schema\/logo\/image\/\"}}]}<\/script>\n<!-- \/ Yoast SEO plugin. -->","yoast_head_json":{"title":"D\u00e9veloppement durable - Dios Exploration","robots":{"index":"index","follow":"follow","max-snippet":"max-snippet:-1","max-image-preview":"max-image-preview:large","max-video-preview":"max-video-preview:-1"},"canonical":"https:\/\/www.diosexplo.com\/fr\/developpement-durable\/","og_locale":"fr_FR","og_type":"article","og_title":"D\u00e9veloppement durable - Dios Exploration","og_description":"[mk_page_section bg_image=\u00a0\u00bbhttps:\/\/www.diosexplo.com\/wp-content\/uploads\/2019\/11\/auroreboreale_compress.jpg\u00a0\u00bb bg_position=\u00a0\u00bbcenter center\u00a0\u00bb bg_repeat=\u00a0\u00bbno-repeat\u00a0\u00bb bg_stretch=\u00a0\u00bbtrue\u00a0\u00bb speed_factor=\u00a0\u00bb0.6&Prime; video_opacity=\u00a0\u00bb0.8&Prime; min_height=\u00a0\u00bb325&Prime; full_width=\u00a0\u00bbtrue\u00a0\u00bb padding_top=\u00a0\u00bb110&Prime; padding_bottom=\u00a0\u00bb90&Prime; sidebar=\u00a0\u00bbsidebar-1&Prime;][vc_column][mk_fancy_title color=\u00a0\u00bb#ffffff\u00a0\u00bb size=\u00a0\u00bb100&Prime; force_font_size=\u00a0\u00bbtrue\u00a0\u00bb font_weight=\u00a0\u00bb100&Prime; txt_transform=\u00a0\u00bbuppercase\u00a0\u00bb font_family=\u00a0\u00bbnone\u00a0\u00bb align=\u00a0\u00bbcenter\u00a0\u00bb]D\u00e9veloppement durable[\/mk_fancy_title][\/vc_column][\/mk_page_section][vc_row][vc_column][mk_padding_divider size=\u00a0\u00bb80&Prime;][\/vc_column][\/vc_row][vc_row][vc_column width=\u00a0\u00bb3\/4&Prime;][vc_column_text css=\u00a0\u00bb.vc_custom_1568858271870{margin-bottom: 0px !important;}\u00a0\u00bb] Principes de d\u00e9veloppement durable Dios participe \u00e0 Restor-Action Nunavik L\u2019Association canadienne des prospecteurs et entrepreneurs (PDAC) a \u00e9tabli E3 Plus, un cadre d\u2019explorationresponsable. E3 Plus a pour but d\u2019aider [&hellip;]","og_url":"https:\/\/www.diosexplo.com\/fr\/developpement-durable\/","og_site_name":"Dios Exploration","article_modified_time":"2024-04-20T18:17:26+00:00","twitter_card":"summary_large_image","twitter_misc":{"Dur\u00e9e de lecture estim\u00e9e":"3 minutes"},"schema":{"@context":"https:\/\/schema.org","@graph":[{"@type":"WebPage","@id":"https:\/\/www.diosexplo.com\/fr\/developpement-durable\/","url":"https:\/\/www.diosexplo.com\/fr\/developpement-durable\/","name":"D\u00e9veloppement durable - Dios Exploration","isPartOf":{"@id":"https:\/\/www.diosexplo.com\/fr\/#website"},"datePublished":"2019-09-04T16:05:25+00:00","dateModified":"2024-04-20T18:17:26+00:00","breadcrumb":{"@id":"https:\/\/www.diosexplo.com\/fr\/developpement-durable\/#breadcrumb"},"inLanguage":"fr-FR","potentialAction":[{"@type":"ReadAction","target":["https:\/\/www.diosexplo.com\/fr\/developpement-durable\/"]}]},{"@type":"BreadcrumbList","@id":"https:\/\/www.diosexplo.com\/fr\/developpement-durable\/#breadcrumb","itemListElement":[{"@type":"ListItem","position":1,"name":"Accueil","item":"https:\/\/www.diosexplo.com\/fr\/"},{"@type":"ListItem","position":2,"name":"D\u00e9veloppement durable"}]},{"@type":"WebSite","@id":"https:\/\/www.diosexplo.com\/fr\/#website","url":"https:\/\/www.diosexplo.com\/fr\/","name":"Dios Exploration","description":"","publisher":{"@id":"https:\/\/www.diosexplo.com\/fr\/#organization"},"potentialAction":[{"@type":"SearchAction","target":{"@type":"EntryPoint","urlTemplate":"https:\/\/www.diosexplo.com\/fr\/?s={search_term_string}"},"query-input":{"@type":"PropertyValueSpecification","valueRequired":true,"valueName":"search_term_string"}}],"inLanguage":"fr-FR"},{"@type":"Organization","@id":"https:\/\/www.diosexplo.com\/fr\/#organization","name":"Dios Exploration","url":"https:\/\/www.diosexplo.com\/fr\/","logo":{"@type":"ImageObject","inLanguage":"fr-FR","@id":"https:\/\/www.diosexplo.com\/fr\/#\/schema\/logo\/image\/","url":"https:\/\/www.diosexplo.com\/wp-content\/uploads\/2020\/02\/dios-exploration.jpg","contentUrl":"https:\/\/www.diosexplo.com\/wp-content\/uploads\/2020\/02\/dios-exploration.jpg","width":300,"height":187,"caption":"Dios Exploration"},"image":{"@id":"https:\/\/www.diosexplo.com\/fr\/#\/schema\/logo\/image\/"}}]}},"_links":{"self":[{"href":"https:\/\/www.diosexplo.com\/fr\/wp-json\/wp\/v2\/pages\/501","targetHints":{"allow":["GET"]}}],"collection":[{"href":"https:\/\/www.diosexplo.com\/fr\/wp-json\/wp\/v2\/pages"}],"about":[{"href":"https:\/\/www.diosexplo.com\/fr\/wp-json\/wp\/v2\/types\/page"}],"author":[{"embeddable":true,"href":"https:\/\/www.diosexplo.com\/fr\/wp-json\/wp\/v2\/users\/10"}],"replies":[{"embeddable":true,"href":"https:\/\/www.diosexplo.com\/fr\/wp-json\/wp\/v2\/comments?post=501"}],"version-history":[{"count":3,"href":"https:\/\/www.diosexplo.com\/fr\/wp-json\/wp\/v2\/pages\/501\/revisions"}],"predecessor-version":[{"id":3830,"href":"https:\/\/www.diosexplo.com\/fr\/wp-json\/wp\/v2\/pages\/501\/revisions\/3830"}],"wp:attachment":[{"href":"https:\/\/www.diosexplo.com\/fr\/wp-json\/wp\/v2\/media?parent=501"}],"curies":[{"name":"wp","href":"https:\/\/api.w.org\/{rel}","templated":true}]}}