{"id":1331,"date":"2019-09-04T12:17:23","date_gmt":"2019-09-04T16:17:23","guid":{"rendered":"https:\/\/dios.wenodev.com\/dirigeants-et-conseil-dadministration\/"},"modified":"2026-01-26T16:53:50","modified_gmt":"2026-01-26T21:53:50","slug":"dirigeants-et-conseil-dadministration","status":"publish","type":"page","link":"https:\/\/www.diosexplo.com\/en\/a-notre-sujet\/dirigeants-et-conseil-dadministration\/","title":{"rendered":"Executives and Board of Directors"},"content":{"rendered":"<div class=\"wpb-content-wrapper\">[mk_page_section bg_image=&#8221;https:\/\/www.diosexplo.com\/wp-content\/uploads\/2019\/11\/diamant_darkhd_compressed-scaled.jpg&#8221; bg_position=&#8221;center center&#8221; bg_repeat=&#8221;no-repeat&#8221; bg_stretch=&#8221;true&#8221; speed_factor=&#8221;0.6&#8243; video_opacity=&#8221;0.8&#8243; min_height=&#8221;325&#8243; full_width=&#8221;true&#8221; padding_top=&#8221;110&#8243; padding_bottom=&#8221;90&#8243; sidebar=&#8221;sidebar-1&#8243;][vc_column][mk_fancy_title color=&#8221;#ffffff&#8221; size=&#8221;100&#8243; force_font_size=&#8221;true&#8221; font_weight=&#8221;100&#8243; txt_transform=&#8221;uppercase&#8221; font_family=&#8221;none&#8221; align=&#8221;center&#8221;]Executives and Board of Directors[\/mk_fancy_title][\/vc_column][\/mk_page_section][vc_row][vc_column][mk_padding_divider size=&#8221;80&#8243;][\/vc_column][\/vc_row][vc_row][vc_column][vc_column_text css=&#8221;.vc_custom_1569213322507{margin-bottom: 0px !important;}&#8221;]\n<h3>Marie-Jos\u00e9 Girard, M.Sc., Geologist<br \/>\n<strong>President and CEO<\/strong><\/h3>\n<p>Marie-Jos\u00e9 Girard has 35 years of experience as a mineral exploration geologist, especially in the glacial environment.<\/p>\n<p>She has worked for several years in mineral research in Abitibi, the Otish Sedimentary Basin, the Labrador Trench in Quebec and the Mont-Laurier region.<\/p>\n<p>From 1977 to 1988, she was responsible for exploration projects for SOQUEM, Mina Azufrec in Ecuador, Falconbridge Copper and LOUVEM (discovered the Monique gold deposit near Val d&#8217;Or in 1985).<\/p>\n<p>From 1988 to 1993, she evaluated mining projects within the Quebec Securities Commission.<\/p>\n<p>Ms. Girard&#8217;s team was named Prospector of the Year in 2001 for her discoveries of gold (Aquilon) and molybdenum (Tilly) at James Bay.<\/p>\n<p>A consultant geologist since 1993, she represented Quebec on the Mining and Technical Advisory Committee of the Canadian Securities Authorities from 2001 to 2005.<br \/>\nShe sits on the Board of Directors of the Canadian Diamond Reclamation Centre.<\/p>\n<p>The management of De Beers Exploration Canada Inc. publicly said in a press release in June 2005:[\/vc_column_text][mk_blockquote font_family=&#8221;none&#8221; force_font_size=&#8221;true&#8221;]We are satisfied with the effort and quality of work that the Dios technical team has invested in the 33 Carats project and wish to have the opportunity to work together again.[\/mk_blockquote][\/vc_column][\/vc_row][vc_row][vc_column][mk_divider style=&#8221;thick_solid&#8221;][\/vc_column][\/vc_row][vc_row][vc_column][vc_column_text css=&#8221;.vc_custom_1569213903035{margin-bottom: 0px !important;}&#8221;]\n<h3>Normand Payette<br \/>\n<strong>Director<\/strong><\/h3>\n<p>Normand Payette is a marketing consultant and has been Commercial Director at Martin International Communication U.P. Inc. since 1987.<\/p>\n<p>From 1970 to 1987, he led sales teams for several private sector companies, particularly in the aluminum distribution sector.<\/p>\n<p>From 1960 to 1972, he was a representative in the financial services field.[\/vc_column_text][\/vc_column][\/vc_row][vc_row][vc_column][mk_divider style=&#8221;thick_solid&#8221;][\/vc_column][\/vc_row][vc_row][vc_column][vc_column_text css=&#8221;.vc_custom_1569213918891{margin-bottom: 0px !important;}&#8221;]\n<h3><strong data-start=\"94\" data-end=\"138\">Jean-David Moore, M.Sc., Forest Engineer<\/strong><br data-start=\"138\" data-end=\"141\" \/>Director and Advisor<\/h3>\n<p>Mr. Moore has been involved in the mining sector for many years. He serves as a board member for several mining companies, including Bullion Gold Resources Corp., PTX Metals Inc., and Fokus Mining Corp. Mr. Moore is a seasoned investor in the mining industry, holding significant stakes in over 50 junior mining companies. He was also part of the Vanstar Mining Resources Inc. team at the time of its acquisition by IAMGOLD.<\/p>\n<h3>Aline Leclerc<br \/>\n<strong>Technical Advisor<\/strong><\/h3>\n<p>Aline Leclerc has been a geologist since 1974. She holds a bachelor&#8217;s degree in Earth Sciences from the University of Quebec in Montreal. She has been providing consulting services in mining exploration and mining exploration project management since 1995.<\/p>\n<p>From 1974 to 1995, she worked for various companies and government agencies on exploration projects.<\/p>\n<p>She served on Soquem&#8217;s Board of Directors from 1996 to 2000.<\/p>\n<h3>Roger Gu\u00e9vremont<br \/>\n<strong>Director<\/strong><\/h3>\n<p>Roger Gu\u00e9vremont has been an Internet consultant for various Internet services since 2002, specializing mainly in Internet marketing. He was a director for La Rolland Business Park and for the \u00c9cole H\u00f4teli\u00e8res des Laurentides.<\/p>\n<h3>Luc Gervais<br \/>\n<strong>Director<\/strong><\/h3>\n<p>Mr. Gervais has more than 40 years of experience in engineering, construction, and maintenance in the mining and metallurgical sectors. He held various management positions with metallurgical producers, contractors, and engineering consulting firms. A director of Bullion Gold Resources Corp., Fokus Mining Corp., and Mosaic Minerals Corp., he was a director of Vanstar Mining Resources Inc. (acquired by Iamgold).<\/p>\n<p>&nbsp;<\/p>\n[\/vc_column_text][\/vc_column][\/vc_row][vc_row css=&#8221;.vc_custom_1571521606640{margin-top: 20px !important;background-color: #4169b2 !important;}&#8221;][vc_column][vc_column_inner css=&#8221;.vc_custom_1571521379353{background-color: #4169b2 !important;}&#8221;][mk_fancy_title tag_name=&#8221;span&#8221; color=&#8221;#ffffff&#8221; size=&#8221;28&#8243; font_family=&#8221;none&#8221; el_class=&#8221;banner_contact&#8221;]\n<p style=\"text-align: center;\"><strong>Do you have any questions?<\/strong> Contact us! <a href=\"tel:5149239123\"><strong>514 923-9123<\/strong><\/a><\/p>\n[\/mk_fancy_title][\/vc_column_inner][\/vc_column][\/vc_row][mk_page_section bg_image=&#8221;https:\/\/www.diosexplo.com\/wp-content\/uploads\/2019\/09\/imageforet_footer-2.png&#8221; bg_stretch=&#8221;true&#8221; sidebar=&#8221;sidebar-1&#8243;][vc_column][mk_padding_divider size=&#8221;500&#8243;][\/vc_column][\/mk_page_section]\n<\/div>","protected":false},"excerpt":{"rendered":"<p>[mk_page_section bg_image=&#8221;https:\/\/www.diosexplo.com\/wp-content\/uploads\/2019\/11\/diamant_darkhd_compressed-scaled.jpg&#8221; bg_position=&#8221;center center&#8221; bg_repeat=&#8221;no-repeat&#8221; bg_stretch=&#8221;true&#8221; speed_factor=&#8221;0.6&#8243; video_opacity=&#8221;0.8&#8243; min_height=&#8221;325&#8243; full_width=&#8221;true&#8221; padding_top=&#8221;110&#8243; padding_bottom=&#8221;90&#8243; sidebar=&#8221;sidebar-1&#8243;][vc_column][mk_fancy_title color=&#8221;#ffffff&#8221; size=&#8221;100&#8243; force_font_size=&#8221;true&#8221; font_weight=&#8221;100&#8243; txt_transform=&#8221;uppercase&#8221; font_family=&#8221;none&#8221; align=&#8221;center&#8221;]Executives and Board of Directors[\/mk_fancy_title][\/vc_column][\/mk_page_section][vc_row][vc_column][mk_padding_divider size=&#8221;80&#8243;][\/vc_column][\/vc_row][vc_row][vc_column][vc_column_text css=&#8221;.vc_custom_1569213322507{margin-bottom: 0px !important;}&#8221;] Marie-Jos\u00e9 Girard, M.Sc., Geologist President and CEO Marie-Jos\u00e9 Girard has 35 years of experience as a mineral exploration geologist, especially in the glacial environment. She has worked [&hellip;]<\/p>\n","protected":false},"author":10,"featured_media":0,"parent":1332,"menu_order":0,"comment_status":"closed","ping_status":"closed","template":"","meta":{"footnotes":""},"class_list":["post-1331","page","type-page","status-publish","hentry"],"yoast_head":"<!-- This site is optimized with the Yoast SEO plugin v26.7 - https:\/\/yoast.com\/wordpress\/plugins\/seo\/ -->\n<title>Executives and Board of Directors - Dios Exploration<\/title>\n<meta name=\"robots\" content=\"index, follow, max-snippet:-1, max-image-preview:large, max-video-preview:-1\" \/>\n<link rel=\"canonical\" href=\"https:\/\/www.diosexplo.com\/en\/a-notre-sujet\/dirigeants-et-conseil-dadministration\/\" \/>\n<meta property=\"og:locale\" content=\"en_US\" \/>\n<meta property=\"og:type\" content=\"article\" \/>\n<meta property=\"og:title\" content=\"Executives and Board of Directors - Dios Exploration\" \/>\n<meta property=\"og:description\" content=\"[mk_page_section bg_image=&#8221;https:\/\/www.diosexplo.com\/wp-content\/uploads\/2019\/11\/diamant_darkhd_compressed-scaled.jpg&#8221; bg_position=&#8221;center center&#8221; bg_repeat=&#8221;no-repeat&#8221; bg_stretch=&#8221;true&#8221; speed_factor=&#8221;0.6&#8243; video_opacity=&#8221;0.8&#8243; min_height=&#8221;325&#8243; full_width=&#8221;true&#8221; padding_top=&#8221;110&#8243; padding_bottom=&#8221;90&#8243; sidebar=&#8221;sidebar-1&#8243;][vc_column][mk_fancy_title color=&#8221;#ffffff&#8221; size=&#8221;100&#8243; force_font_size=&#8221;true&#8221; font_weight=&#8221;100&#8243; txt_transform=&#8221;uppercase&#8221; font_family=&#8221;none&#8221; align=&#8221;center&#8221;]Executives and Board of Directors[\/mk_fancy_title][\/vc_column][\/mk_page_section][vc_row][vc_column][mk_padding_divider size=&#8221;80&#8243;][\/vc_column][\/vc_row][vc_row][vc_column][vc_column_text css=&#8221;.vc_custom_1569213322507{margin-bottom: 0px !important;}&#8221;] Marie-Jos\u00e9 Girard, M.Sc., Geologist President and CEO Marie-Jos\u00e9 Girard has 35 years of experience as a mineral exploration geologist, especially in the glacial environment. She has worked [&hellip;]\" \/>\n<meta property=\"og:url\" content=\"https:\/\/www.diosexplo.com\/en\/a-notre-sujet\/dirigeants-et-conseil-dadministration\/\" \/>\n<meta property=\"og:site_name\" content=\"Dios Exploration\" \/>\n<meta property=\"article:modified_time\" content=\"2026-01-26T21:53:50+00:00\" \/>\n<meta name=\"twitter:card\" content=\"summary_large_image\" \/>\n<meta name=\"twitter:label1\" content=\"Est. reading time\" \/>\n\t<meta name=\"twitter:data1\" content=\"3 minutes\" \/>\n<script type=\"application\/ld+json\" class=\"yoast-schema-graph\">{\"@context\":\"https:\/\/schema.org\",\"@graph\":[{\"@type\":\"WebPage\",\"@id\":\"https:\/\/www.diosexplo.com\/en\/a-notre-sujet\/dirigeants-et-conseil-dadministration\/\",\"url\":\"https:\/\/www.diosexplo.com\/en\/a-notre-sujet\/dirigeants-et-conseil-dadministration\/\",\"name\":\"Executives and Board of Directors - Dios Exploration\",\"isPartOf\":{\"@id\":\"https:\/\/www.diosexplo.com\/en\/#website\"},\"datePublished\":\"2019-09-04T16:17:23+00:00\",\"dateModified\":\"2026-01-26T21:53:50+00:00\",\"breadcrumb\":{\"@id\":\"https:\/\/www.diosexplo.com\/en\/a-notre-sujet\/dirigeants-et-conseil-dadministration\/#breadcrumb\"},\"inLanguage\":\"en-US\",\"potentialAction\":[{\"@type\":\"ReadAction\",\"target\":[\"https:\/\/www.diosexplo.com\/en\/a-notre-sujet\/dirigeants-et-conseil-dadministration\/\"]}]},{\"@type\":\"BreadcrumbList\",\"@id\":\"https:\/\/www.diosexplo.com\/en\/a-notre-sujet\/dirigeants-et-conseil-dadministration\/#breadcrumb\",\"itemListElement\":[{\"@type\":\"ListItem\",\"position\":1,\"name\":\"Accueil\",\"item\":\"https:\/\/www.diosexplo.com\/en\/\"},{\"@type\":\"ListItem\",\"position\":2,\"name\":\"About us\",\"item\":\"https:\/\/www.diosexplo.com\/en\/a-notre-sujet\/\"},{\"@type\":\"ListItem\",\"position\":3,\"name\":\"Executives and Board of Directors\"}]},{\"@type\":\"WebSite\",\"@id\":\"https:\/\/www.diosexplo.com\/en\/#website\",\"url\":\"https:\/\/www.diosexplo.com\/en\/\",\"name\":\"Dios Exploration\",\"description\":\"\",\"publisher\":{\"@id\":\"https:\/\/www.diosexplo.com\/en\/#organization\"},\"potentialAction\":[{\"@type\":\"SearchAction\",\"target\":{\"@type\":\"EntryPoint\",\"urlTemplate\":\"https:\/\/www.diosexplo.com\/en\/?s={search_term_string}\"},\"query-input\":{\"@type\":\"PropertyValueSpecification\",\"valueRequired\":true,\"valueName\":\"search_term_string\"}}],\"inLanguage\":\"en-US\"},{\"@type\":\"Organization\",\"@id\":\"https:\/\/www.diosexplo.com\/en\/#organization\",\"name\":\"Dios Exploration\",\"url\":\"https:\/\/www.diosexplo.com\/en\/\",\"logo\":{\"@type\":\"ImageObject\",\"inLanguage\":\"en-US\",\"@id\":\"https:\/\/www.diosexplo.com\/en\/#\/schema\/logo\/image\/\",\"url\":\"https:\/\/www.diosexplo.com\/wp-content\/uploads\/2020\/02\/dios-exploration.jpg\",\"contentUrl\":\"https:\/\/www.diosexplo.com\/wp-content\/uploads\/2020\/02\/dios-exploration.jpg\",\"width\":300,\"height\":187,\"caption\":\"Dios Exploration\"},\"image\":{\"@id\":\"https:\/\/www.diosexplo.com\/en\/#\/schema\/logo\/image\/\"}}]}<\/script>\n<!-- \/ Yoast SEO plugin. -->","yoast_head_json":{"title":"Executives and Board of Directors - Dios Exploration","robots":{"index":"index","follow":"follow","max-snippet":"max-snippet:-1","max-image-preview":"max-image-preview:large","max-video-preview":"max-video-preview:-1"},"canonical":"https:\/\/www.diosexplo.com\/en\/a-notre-sujet\/dirigeants-et-conseil-dadministration\/","og_locale":"en_US","og_type":"article","og_title":"Executives and Board of Directors - Dios Exploration","og_description":"[mk_page_section bg_image=&#8221;https:\/\/www.diosexplo.com\/wp-content\/uploads\/2019\/11\/diamant_darkhd_compressed-scaled.jpg&#8221; bg_position=&#8221;center center&#8221; bg_repeat=&#8221;no-repeat&#8221; bg_stretch=&#8221;true&#8221; speed_factor=&#8221;0.6&#8243; video_opacity=&#8221;0.8&#8243; min_height=&#8221;325&#8243; full_width=&#8221;true&#8221; padding_top=&#8221;110&#8243; padding_bottom=&#8221;90&#8243; sidebar=&#8221;sidebar-1&#8243;][vc_column][mk_fancy_title color=&#8221;#ffffff&#8221; size=&#8221;100&#8243; force_font_size=&#8221;true&#8221; font_weight=&#8221;100&#8243; txt_transform=&#8221;uppercase&#8221; font_family=&#8221;none&#8221; align=&#8221;center&#8221;]Executives and Board of Directors[\/mk_fancy_title][\/vc_column][\/mk_page_section][vc_row][vc_column][mk_padding_divider size=&#8221;80&#8243;][\/vc_column][\/vc_row][vc_row][vc_column][vc_column_text css=&#8221;.vc_custom_1569213322507{margin-bottom: 0px !important;}&#8221;] Marie-Jos\u00e9 Girard, M.Sc., Geologist President and CEO Marie-Jos\u00e9 Girard has 35 years of experience as a mineral exploration geologist, especially in the glacial environment. She has worked [&hellip;]","og_url":"https:\/\/www.diosexplo.com\/en\/a-notre-sujet\/dirigeants-et-conseil-dadministration\/","og_site_name":"Dios Exploration","article_modified_time":"2026-01-26T21:53:50+00:00","twitter_card":"summary_large_image","twitter_misc":{"Est. reading time":"3 minutes"},"schema":{"@context":"https:\/\/schema.org","@graph":[{"@type":"WebPage","@id":"https:\/\/www.diosexplo.com\/en\/a-notre-sujet\/dirigeants-et-conseil-dadministration\/","url":"https:\/\/www.diosexplo.com\/en\/a-notre-sujet\/dirigeants-et-conseil-dadministration\/","name":"Executives and Board of Directors - Dios Exploration","isPartOf":{"@id":"https:\/\/www.diosexplo.com\/en\/#website"},"datePublished":"2019-09-04T16:17:23+00:00","dateModified":"2026-01-26T21:53:50+00:00","breadcrumb":{"@id":"https:\/\/www.diosexplo.com\/en\/a-notre-sujet\/dirigeants-et-conseil-dadministration\/#breadcrumb"},"inLanguage":"en-US","potentialAction":[{"@type":"ReadAction","target":["https:\/\/www.diosexplo.com\/en\/a-notre-sujet\/dirigeants-et-conseil-dadministration\/"]}]},{"@type":"BreadcrumbList","@id":"https:\/\/www.diosexplo.com\/en\/a-notre-sujet\/dirigeants-et-conseil-dadministration\/#breadcrumb","itemListElement":[{"@type":"ListItem","position":1,"name":"Accueil","item":"https:\/\/www.diosexplo.com\/en\/"},{"@type":"ListItem","position":2,"name":"About us","item":"https:\/\/www.diosexplo.com\/en\/a-notre-sujet\/"},{"@type":"ListItem","position":3,"name":"Executives and Board of Directors"}]},{"@type":"WebSite","@id":"https:\/\/www.diosexplo.com\/en\/#website","url":"https:\/\/www.diosexplo.com\/en\/","name":"Dios Exploration","description":"","publisher":{"@id":"https:\/\/www.diosexplo.com\/en\/#organization"},"potentialAction":[{"@type":"SearchAction","target":{"@type":"EntryPoint","urlTemplate":"https:\/\/www.diosexplo.com\/en\/?s={search_term_string}"},"query-input":{"@type":"PropertyValueSpecification","valueRequired":true,"valueName":"search_term_string"}}],"inLanguage":"en-US"},{"@type":"Organization","@id":"https:\/\/www.diosexplo.com\/en\/#organization","name":"Dios Exploration","url":"https:\/\/www.diosexplo.com\/en\/","logo":{"@type":"ImageObject","inLanguage":"en-US","@id":"https:\/\/www.diosexplo.com\/en\/#\/schema\/logo\/image\/","url":"https:\/\/www.diosexplo.com\/wp-content\/uploads\/2020\/02\/dios-exploration.jpg","contentUrl":"https:\/\/www.diosexplo.com\/wp-content\/uploads\/2020\/02\/dios-exploration.jpg","width":300,"height":187,"caption":"Dios Exploration"},"image":{"@id":"https:\/\/www.diosexplo.com\/en\/#\/schema\/logo\/image\/"}}]}},"_links":{"self":[{"href":"https:\/\/www.diosexplo.com\/en\/wp-json\/wp\/v2\/pages\/1331","targetHints":{"allow":["GET"]}}],"collection":[{"href":"https:\/\/www.diosexplo.com\/en\/wp-json\/wp\/v2\/pages"}],"about":[{"href":"https:\/\/www.diosexplo.com\/en\/wp-json\/wp\/v2\/types\/page"}],"author":[{"embeddable":true,"href":"https:\/\/www.diosexplo.com\/en\/wp-json\/wp\/v2\/users\/10"}],"replies":[{"embeddable":true,"href":"https:\/\/www.diosexplo.com\/en\/wp-json\/wp\/v2\/comments?post=1331"}],"version-history":[{"count":3,"href":"https:\/\/www.diosexplo.com\/en\/wp-json\/wp\/v2\/pages\/1331\/revisions"}],"predecessor-version":[{"id":4188,"href":"https:\/\/www.diosexplo.com\/en\/wp-json\/wp\/v2\/pages\/1331\/revisions\/4188"}],"up":[{"embeddable":true,"href":"https:\/\/www.diosexplo.com\/en\/wp-json\/wp\/v2\/pages\/1332"}],"wp:attachment":[{"href":"https:\/\/www.diosexplo.com\/en\/wp-json\/wp\/v2\/media?parent=1331"}],"curies":[{"name":"wp","href":"https:\/\/api.w.org\/{rel}","templated":true}]}}